{"id":9442,"date":"2024-03-25T14:10:29","date_gmt":"2024-03-25T13:10:29","guid":{"rendered":"https:\/\/gefahrgutzubehoer.de\/versandarten\/"},"modified":"2024-07-25T10:56:14","modified_gmt":"2024-07-25T08:56:14","slug":"liefer-und-versandkosten","status":"publish","type":"page","link":"https:\/\/gefahrgutzubehoer.de\/en\/liefer-und-versandkosten\/","title":{"rendered":"Liefer- und Versandkosten"},"content":{"rendered":"<div class=\"wpb-content-wrapper\"><div class=\"vc_row wpb_row vc_row-fluid\"><div class=\"wpb_column vc_column_container vc_col-sm-12\"><div class=\"vc_column-inner\"><div class=\"wpb_wrapper\">\t\t<div id=\"wd-66a2128fb6e99\" class=\"wd-text-block wd-wpb reset-last-child wd-rs-66a2128fb6e99 text-left\">\n\t\t\t<p>Der Paketversand erfolgt gegen eine Versandpauschale incl. Verpackung i.H.v. 7,90\u20ac zzgl. MwSt. je Versandort innerhalb Deutschlands (Inseln ausgenommen).<\/p>\n<p>F\u00fcr Sendungen, die nicht als Paket per DHL, GLS oder Hermes verschickt werden k\u00f6nnen sowie den Versand auf Inseln oder ins Ausland, berechnen wir die tats\u00e4chlich angefallenen Versandkosten lt. Preisaushang DHL, GLS oder Hermes bzw. Spedition.<\/p>\n<p>Selbstabholung in der Boschstra\u00dfe 17 in 94405 Landau an der Isar ist zu den B\u00fcrozeiten m\u00f6glich (Montag bis Donnerstag 8:00 bis 17:00 Uhr, Freitag von 8:00 bis 14:00 Uhr). Wir bitten um eine Terminvereinbarung zur Abholung.<\/p>\n\t\t<\/div>\n\t\t<\/div><\/div><\/div><\/div>\n<\/div>","protected":false},"excerpt":{"rendered":"Der Paketversand erfolgt gegen eine Versandpauschale incl. Verpackung i.H.v. 7,90\u20ac zzgl. MwSt. je Versandort innerhalb Deutschlands (Inseln ausgenommen). F\u00fcr Sendungen,","protected":false},"author":1,"featured_media":0,"parent":0,"menu_order":0,"comment_status":"closed","ping_status":"closed","template":"","meta":{"footnotes":""},"class_list":["post-9442","page","type-page","status-publish","hentry"],"_links":{"self":[{"href":"https:\/\/gefahrgutzubehoer.de\/en\/wp-json\/wp\/v2\/pages\/9442","targetHints":{"allow":["GET"]}}],"collection":[{"href":"https:\/\/gefahrgutzubehoer.de\/en\/wp-json\/wp\/v2\/pages"}],"about":[{"href":"https:\/\/gefahrgutzubehoer.de\/en\/wp-json\/wp\/v2\/types\/page"}],"author":[{"embeddable":true,"href":"https:\/\/gefahrgutzubehoer.de\/en\/wp-json\/wp\/v2\/users\/1"}],"replies":[{"embeddable":true,"href":"https:\/\/gefahrgutzubehoer.de\/en\/wp-json\/wp\/v2\/comments?post=9442"}],"version-history":[{"count":4,"href":"https:\/\/gefahrgutzubehoer.de\/en\/wp-json\/wp\/v2\/pages\/9442\/revisions"}],"predecessor-version":[{"id":26619,"href":"https:\/\/gefahrgutzubehoer.de\/en\/wp-json\/wp\/v2\/pages\/9442\/revisions\/26619"}],"wp:attachment":[{"href":"https:\/\/gefahrgutzubehoer.de\/en\/wp-json\/wp\/v2\/media?parent=9442"}],"curies":[{"name":"wp","href":"https:\/\/api.w.org\/{rel}","templated":true}]}}