{"id":9441,"date":"2024-03-25T14:10:29","date_gmt":"2024-03-25T13:10:29","guid":{"rendered":"https:\/\/gefahrgutzubehoer.de\/widerrufsbelehrung\/"},"modified":"2024-07-05T16:25:39","modified_gmt":"2024-07-05T14:25:39","slug":"widerrufsbelehrung","status":"publish","type":"page","link":"https:\/\/gefahrgutzubehoer.de\/en\/widerrufsbelehrung\/","title":{"rendered":"Cancellation Policy"},"content":{"rendered":"<div class=\"wpb-content-wrapper\"><div class=\"vc_row wpb_row vc_row-fluid\"><div class=\"wpb_column vc_column_container vc_col-sm-12\"><div class=\"vc_column-inner\"><div class=\"wpb_wrapper\">\t\t<div id=\"wd-6688025743549\" class=\"wd-text-block wd-wpb reset-last-child wd-rs-6688025743549 text-left\">\n\t\t\t<p><strong>14 TAGE R\u00dcCKGABERECHT &#8211; Kauf ohne Risiko<\/strong><\/p>\n<p>Wir gew\u00e4hren ein 14-t\u00e4giges R\u00fcckgaberecht. Die Artikel m\u00fcssen originalverpackt, bzw. unbesch\u00e4digt und in postversandf\u00e4higem Zustand sowie ausreichend frankiert sein.<br \/>\nUnfreie Sendungen werden nicht angenommen.<br \/>\nNeben diesem R\u00fcckgaberecht bestehen Ihre gesetzlichen Gew\u00e4hrleistungsanspr\u00fcche ohne jede Einschr\u00e4nkung.<\/p>\n<p>Sonderanfertigungen sind von Umtausch und R\u00fccknahme ausgeschlossen.<\/p>\n\t\t<\/div>\n\t\t<\/div><\/div><\/div><\/div>\n<\/div>","protected":false},"excerpt":{"rendered":"14 TAGE R\u00dcCKGABERECHT - Kauf ohne Risiko Wir gew\u00e4hren ein 14-t\u00e4giges R\u00fcckgaberecht. Die Artikel m\u00fcssen originalverpackt, bzw. unbesch\u00e4digt und in","protected":false},"author":1,"featured_media":0,"parent":0,"menu_order":0,"comment_status":"closed","ping_status":"closed","template":"","meta":{"footnotes":""},"class_list":["post-9441","page","type-page","status-publish","hentry"],"_links":{"self":[{"href":"https:\/\/gefahrgutzubehoer.de\/en\/wp-json\/wp\/v2\/pages\/9441","targetHints":{"allow":["GET"]}}],"collection":[{"href":"https:\/\/gefahrgutzubehoer.de\/en\/wp-json\/wp\/v2\/pages"}],"about":[{"href":"https:\/\/gefahrgutzubehoer.de\/en\/wp-json\/wp\/v2\/types\/page"}],"author":[{"embeddable":true,"href":"https:\/\/gefahrgutzubehoer.de\/en\/wp-json\/wp\/v2\/users\/1"}],"replies":[{"embeddable":true,"href":"https:\/\/gefahrgutzubehoer.de\/en\/wp-json\/wp\/v2\/comments?post=9441"}],"version-history":[{"count":1,"href":"https:\/\/gefahrgutzubehoer.de\/en\/wp-json\/wp\/v2\/pages\/9441\/revisions"}],"predecessor-version":[{"id":19803,"href":"https:\/\/gefahrgutzubehoer.de\/en\/wp-json\/wp\/v2\/pages\/9441\/revisions\/19803"}],"wp:attachment":[{"href":"https:\/\/gefahrgutzubehoer.de\/en\/wp-json\/wp\/v2\/media?parent=9441"}],"curies":[{"name":"wp","href":"https:\/\/api.w.org\/{rel}","templated":true}]}}