{"id":9440,"date":"2024-03-25T14:10:29","date_gmt":"2024-03-25T13:10:29","guid":{"rendered":"https:\/\/gefahrgutzubehoer.de\/agb\/"},"modified":"2024-07-10T10:59:37","modified_gmt":"2024-07-10T08:59:37","slug":"agb","status":"publish","type":"page","link":"https:\/\/gefahrgutzubehoer.de\/en\/agb\/","title":{"rendered":"AGB"},"content":{"rendered":"<div class=\"wpb-content-wrapper\"><div class=\"vc_row wpb_row vc_row-fluid\"><div class=\"wpb_column vc_column_container vc_col-sm-12\"><div class=\"vc_column-inner\"><div class=\"wpb_wrapper\">\t\t<div id=\"wd-668e4cf026227\" class=\"wd-text-block wd-wpb reset-last-child wd-rs-668e4cf026227 text-left\">\n\t\t\t<p><strong>KATALOGPREISE<br \/>\n<\/strong>Alle Katalogpreise sind in EURO ausgewiesene Nettopreise zzgl. MwSt. Der Gesamtrechnungsbetrag wird in EURO ausgewiesen.<br \/>\nAlle Katalogpreise und unverbindlichen Preisempfehlungen beziehen sich auf den Aktualisierungstermin.<br \/>\nAuf eventuelle Druckfehler oder \u00c4nderungen der unverbindlichen Preisempfehlungen werden Sie bei Ihrer Bestellung hingewiesen.<\/p>\n<p><strong>Bezahlung<\/strong><br \/>\nErstlieferungen an Neukunden bzw. nicht registrierte Kunden erfolgen ausschlie\u00dflich gegen Vorkasse oder Paypal. Sobald Sie nach Ihrem Erstkauf als Kunde bei uns registiert sind, versenden wir gegen Rechnung, sofern Sie sich nicht f\u00fcr eine andere Bezahlungsart entscheiden.<br \/>\n<b><br \/>\nVERSANDKOSTEN<br \/>\n<\/b>Die aktuell geltenden Versandkosten finden Sie unter <a href=\"https:\/\/gefahrgutzubehoer.de\/en\/liefer-und-versandkosten\/\">Liefer- und Versandkosten<\/a>.<\/p>\n<p><strong>Teillieferungen<\/strong><br \/>\nWir sind zu Teillieferungen berechtigt, falls ein Teil der bestellten Ware vor\u00fcbergehend nicht lieferbar ist und dies f\u00fcr den Kunden nicht unzumutbar ist. Zus\u00e4tzliche Versandkosten tragen in jedem Fall wir.<br \/>\n<b><br \/>\nRECHNUNGSSTELLUNG<br \/>\n<\/b>Die Rechnung ist netto zahlbar innerhalb von 14 Tagen. Kauf auf Rechnung ist ab der zweiten Bestellung m\u00f6glich. F\u00fcr Erstbesteller stehen die Zahlungswege Vorauskasse und Paypal zur Verf\u00fcgung.<\/p>\n<p><strong>Eigenstumsvorbehalt<\/strong><br \/>\nDie gelieferte Ware bleibt bis zur vollst\u00e4ndigen Bezahlung unser Eigentum.<br \/>\n<b><br \/>\n<\/b><b>Produktbeschreibungen\/Abbildungen<br \/>\n<\/b>Abbildungen dienen lediglich der besseren Orientierung als Muster zur Beschreibung der Artikel. Verbindlich sind die Beschreibungstexte. Wir behalten uns vor, von der Abbildung abweichende Artikel, die sowohl in Preis als auch Qualit\u00e4t mindestens dem abgebildeten Artikel entsprechen zu liefern.<\/p>\n<p><b>\u00c4NDERUNGEN<br \/>\n<\/b>Wir behalten uns das Recht vor, Produkt\u00e4nderungen, die ausschlie\u00dflich der Verbesserung des Artikels dienen, den Verwendungszweck nicht gef\u00e4hrden und zumutbar sind, ohne Vorank\u00fcndigung durchzuf\u00fchren.<\/p>\n\t\t<\/div>\n\t\t<\/div><\/div><\/div><\/div>\n<\/div>","protected":false},"excerpt":{"rendered":"KATALOGPREISE Alle Katalogpreise sind in EURO ausgewiesene Nettopreise zzgl. MwSt. Der Gesamtrechnungsbetrag wird in EURO ausgewiesen. Alle Katalogpreise und unverbindlichen","protected":false},"author":1,"featured_media":0,"parent":0,"menu_order":0,"comment_status":"closed","ping_status":"closed","template":"","meta":{"footnotes":""},"class_list":["post-9440","page","type-page","status-publish","hentry"],"_links":{"self":[{"href":"https:\/\/gefahrgutzubehoer.de\/en\/wp-json\/wp\/v2\/pages\/9440","targetHints":{"allow":["GET"]}}],"collection":[{"href":"https:\/\/gefahrgutzubehoer.de\/en\/wp-json\/wp\/v2\/pages"}],"about":[{"href":"https:\/\/gefahrgutzubehoer.de\/en\/wp-json\/wp\/v2\/types\/page"}],"author":[{"embeddable":true,"href":"https:\/\/gefahrgutzubehoer.de\/en\/wp-json\/wp\/v2\/users\/1"}],"replies":[{"embeddable":true,"href":"https:\/\/gefahrgutzubehoer.de\/en\/wp-json\/wp\/v2\/comments?post=9440"}],"version-history":[{"count":5,"href":"https:\/\/gefahrgutzubehoer.de\/en\/wp-json\/wp\/v2\/pages\/9440\/revisions"}],"predecessor-version":[{"id":20366,"href":"https:\/\/gefahrgutzubehoer.de\/en\/wp-json\/wp\/v2\/pages\/9440\/revisions\/20366"}],"wp:attachment":[{"href":"https:\/\/gefahrgutzubehoer.de\/en\/wp-json\/wp\/v2\/media?parent=9440"}],"curies":[{"name":"wp","href":"https:\/\/api.w.org\/{rel}","templated":true}]}}