{"id":5212,"date":"2021-08-25T07:26:28","date_gmt":"2021-08-25T07:26:28","guid":{"rendered":"http:\/\/dummy.xtemos.com\/woodmart2\/?page_id=5212"},"modified":"2024-07-25T10:58:05","modified_gmt":"2024-07-25T08:58:05","slug":"ueber-uns","status":"publish","type":"page","link":"https:\/\/gefahrgutzubehoer.de\/en\/ueber-uns\/","title":{"rendered":"About Us"},"content":{"rendered":"<div class=\"wpb-content-wrapper\"><div class=\"vc_row wpb_row vc_row-fluid vc_custom_1712216750953 vc_row-has-fill vc_row-o-content-middle vc_row-flex wd-rs-660e5a7f30326\"><div class=\"wpb_column vc_column_container vc_col-sm-4 vc_col-lg-4 vc_col-md-4 vc_col-xs-12 wd-rs-6125f2fa74bd9\"><div class=\"vc_column-inner vc_custom_1629876989711\"><div class=\"wpb_wrapper\">\n\t\t<div id=\"wd-668fdd3621d4d\" class=\"title-wrapper wd-wpb wd-set-mb reset-last-child  wd-rs-668fdd3621d4d wd-title-color-primary wd-title-style-default text-left vc_custom_1720704320697 wd-width-enabled wd-underline-colored\" style=\"--wd-max-width: 90%;\">\n\t\t\t\t\t\t\t\n\t\t\t\t<div class=\"title-subtitle  subtitle-color-primary font-default subtitle-style-default wd-font-weight-600 wd-fontsize-xs\">Schiffner Service GbR<\/div>\n\t\t\t\n\t\t\t<div class=\"liner-continer\">\n\t\t\t\t<h4 class=\"woodmart-title-container title  wd-font-weight- wd-fontsize-xxl\" >\u00dcBER UNS<\/h4>\n\t\t\t\t\t\t\t<\/div>\n\t\t\t\n\t\t\t\n\t\t\t\n\t\t<\/div>\n\t\t\n\t\t<\/div><\/div><\/div><div class=\"wpb_column vc_column_container vc_col-sm-4 vc_col-lg-offset-0 vc_col-lg-4 vc_col-md-4 wd-rs-660e5c7caf60c\"><div class=\"vc_column-inner vc_custom_1712217238618\"><div class=\"wpb_wrapper\">\t\t\t<div class=\"info-box-wrapper\">\n\t\t\t\t<div id=\"wd-6694ec0fae217\" class=\"wd-rs-6694ec0fae217 wd-info-box wd-wpb text-left box-icon-align-left box-style- color-scheme- wd-bg-none wd-items-top with-btn box-btn-static vc_custom_1721036001965\">\n\t\t\t\t\t\t\t\t\t\t<div class=\"info-box-content\">\n\t\t\t\t\t\t<h4 class=\"info-box-title title box-title-style-default wd-fontsize-m\">Die Schiffner Service GbR<\/h4>\t\t\t\t\t\t<div class=\"info-box-inner reset-last-child\"><p>&#8230;ist Fachlieferant f\u00fcr Fahrzeugausr\u00fcstung, Ladungssicherung- und Gefahrgutzubeh\u00f6r, sowie Fachliteratur und Software.<\/p>\n<\/div>\n\n\t\t\t\t\t\t<div class=\"info-btn-wrapper\"><div id=\"wd-69e184940d509\" class=\"wd-button-wrapper text-left\"><a href=\"https:\/\/gefahrgutzubehoer.de\/en\/kontakt\/\" title=\"\" class=\"btn btn-color-primary btn-style-link btn-shape-rectangle btn-size-small\">Contact<\/a><\/div><\/div>\t\t\t\t\t<\/div>\n\n\t\t\t\t\t\n\t\t\t\t\t\t\t\t\t<\/div>\n\t\t\t<\/div>\n\t\t<\/div><\/div><\/div><div class=\"wpb_column vc_column_container vc_col-sm-4 vc_col-lg-offset-0 vc_col-lg-4 wd-rs-660e5d1173f33\"><div class=\"vc_column-inner vc_custom_1712217383434\"><div class=\"wpb_wrapper\">\t\t\t<div class=\"info-box-wrapper\">\n\t\t\t\t<div id=\"wd-6694ecf95ccb4\" class=\"wd-rs-6694ecf95ccb4 wd-info-box wd-wpb text-left box-icon-align-left box-style- color-scheme- wd-bg-none wd-items-top with-btn box-btn-static vc_custom_1721036034846\">\n\t\t\t\t\t\t\t\t\t\t<div class=\"info-box-content\">\n\t\t\t\t\t\t<h4 class=\"info-box-title title box-title-style-default wd-fontsize-m\">Die Schiffner Service GbR<\/h4>\t\t\t\t\t\t<div class=\"info-box-inner reset-last-child\"><p>&#8230; liefert Ihnen alles N\u00f6tige und N\u00fctzliche f\u00fcr den sicheren und vorschriftenkonformen Gefahrguttransport.<\/p>\n<\/div>\n\n\t\t\t\t\t\t<div class=\"info-btn-wrapper\"><div id=\"wd-69e184940d6c9\" class=\"wd-button-wrapper text-left\"><a href=\"https:\/\/gefahrgutzubehoer.de\/en\/kontakt\/\" title=\"\" class=\"btn btn-color-primary btn-style-link btn-shape-rectangle btn-size-small\">Contact<\/a><\/div><\/div>\t\t\t\t\t<\/div>\n\n\t\t\t\t\t\n\t\t\t\t\t\t\t\t\t<\/div>\n\t\t\t<\/div>\n\t\t<\/div><\/div><\/div><\/div><div class=\"vc_row wpb_row vc_row-fluid vc_custom_1629877038080 row-reverse-mobile row-reverse-tablet wd-rs-6125f32826e3d\"><div class=\"wpb_column vc_column_container vc_col-sm-12 vc_col-lg-6 vc_col-md-6 wd-rs-6125f30edad72\"><div class=\"vc_column-inner vc_custom_1629877010833\"><div class=\"wpb_wrapper\">\t\t<div id=\"wd-665d5f6363076\" class=\"wd-image wd-wpb wd-rs-665d5f6363076 text-left vc_custom_1717395327635\">\n\t\t\t\n\t\t\t<img loading=\"lazy\" decoding=\"async\" width=\"1042\" height=\"694\" src=\"https:\/\/gefahrgutzubehoer.de\/wp-content\/uploads\/2024\/05\/Bild01.jpg\" class=\"attachment-full size-full\" alt=\"\" srcset=\"https:\/\/gefahrgutzubehoer.de\/wp-content\/uploads\/2024\/05\/Bild01.jpg 1042w, https:\/\/gefahrgutzubehoer.de\/wp-content\/uploads\/2024\/05\/Bild01-430x286.jpg 430w, https:\/\/gefahrgutzubehoer.de\/wp-content\/uploads\/2024\/05\/Bild01-150x100.jpg 150w, https:\/\/gefahrgutzubehoer.de\/wp-content\/uploads\/2024\/05\/Bild01-700x466.jpg 700w, https:\/\/gefahrgutzubehoer.de\/wp-content\/uploads\/2024\/05\/Bild01-400x266.jpg 400w, https:\/\/gefahrgutzubehoer.de\/wp-content\/uploads\/2024\/05\/Bild01-768x512.jpg 768w, https:\/\/gefahrgutzubehoer.de\/wp-content\/uploads\/2024\/05\/Bild01-18x12.jpg 18w\" sizes=\"auto, (max-width: 1042px) 100vw, 1042px\" \/>\n\t\t\t\t\t<\/div>\n\t\t<div class=\"vc_empty_space\"   style=\"height: 32px\"><span class=\"vc_empty_space_inner\"><\/span><\/div>\t\t<div id=\"wd-665d5f827a776\" class=\"wd-image wd-wpb wd-rs-665d5f827a776 text-left vc_custom_1717395347254\">\n\t\t\t\n\t\t\t<img loading=\"lazy\" decoding=\"async\" width=\"1042\" height=\"694\" src=\"https:\/\/gefahrgutzubehoer.de\/wp-content\/uploads\/2024\/05\/Bild02.jpg\" class=\"attachment-full size-full\" alt=\"\" srcset=\"https:\/\/gefahrgutzubehoer.de\/wp-content\/uploads\/2024\/05\/Bild02.jpg 1042w, https:\/\/gefahrgutzubehoer.de\/wp-content\/uploads\/2024\/05\/Bild02-430x286.jpg 430w, https:\/\/gefahrgutzubehoer.de\/wp-content\/uploads\/2024\/05\/Bild02-150x100.jpg 150w, https:\/\/gefahrgutzubehoer.de\/wp-content\/uploads\/2024\/05\/Bild02-700x466.jpg 700w, https:\/\/gefahrgutzubehoer.de\/wp-content\/uploads\/2024\/05\/Bild02-400x266.jpg 400w, https:\/\/gefahrgutzubehoer.de\/wp-content\/uploads\/2024\/05\/Bild02-768x512.jpg 768w, https:\/\/gefahrgutzubehoer.de\/wp-content\/uploads\/2024\/05\/Bild02-18x12.jpg 18w\" sizes=\"auto, (max-width: 1042px) 100vw, 1042px\" \/>\n\t\t\t\t\t<\/div>\n\t\t<\/div><\/div><\/div><div class=\"wpb_column vc_column_container vc_col-sm-12 vc_col-lg-offset-1 vc_col-lg-5 vc_col-md-6 vc_col-xs-12 wd-rs-6125f320eb687\"><div class=\"vc_column-inner vc_custom_1629877027060\"><div class=\"wpb_wrapper\">\n\t\t<div id=\"wd-668fdd6a9be34\" class=\"title-wrapper wd-wpb wd-set-mb reset-last-child  wd-rs-668fdd6a9be34 wd-title-color-primary wd-title-style-default text-left vc_custom_1720704398719 wd-underline-colored\">\n\t\t\t\t\t\t\t\n\t\t\t\t<div class=\"title-subtitle  subtitle-color-primary font-default subtitle-style-default wd-font-weight-600 wd-fontsize-xs\">GEFAHRGUTZUBEHOER.DE<\/div>\n\t\t\t\n\t\t\t<div class=\"liner-continer\">\n\t\t\t\t<h4 class=\"woodmart-title-container title  wd-font-weight- wd-fontsize-xxl\" >... der Onlineshop der Schiffner Service GbR<\/h4>\n\t\t\t\t\t\t\t<\/div>\n\t\t\t\n\t\t\t\n\t\t\t\n\t\t<\/div>\n\t\t\n\t\t\t\t<div id=\"wd-66a213656f3d0\" class=\"wd-text-block wd-wpb reset-last-child wd-rs-66a213656f3d0 text-left wd-fontsize-custom vc_custom_1721897847385\">\n\t\t\t<p>Ihr zuverl\u00e4ssiger Partner f\u00fcr Gefahrgutausr\u00fcstung und -zubeh\u00f6r<\/p>\n<p>In unserem Shop finden Sie alles rund um die Themen Gefahrguttransport und Abfalltransport, Gefahrgutkennzeichnung und Gefahrgutverpackung, Ladungssicherung und Transporthilfsmittel f\u00fcr alle Verkehrstr\u00e4ger:<br \/>\nStra\u00dfe (ADR), Schiene (RID), Seeschiff (IMDG-Code) und Luft (IATA-DGR, ICAO-Ti)<\/p>\n<p>Knallhart kalkuliert und handverlesen. \u00dcberzeugen Sie sich!<\/p>\n<p>Und wenn Sie einmal nicht f\u00fcndig werden, fragen Sie uns!<br \/>\nDank unserem riesigen Netzwerk, das wir in \u00fcber 30 Jahren aufbauen konnten, finden wir L\u00f6sungen zu fast jedem Problem, wenn es um den Versand von Gefahrgut oder Ladungssicherung geht.<\/p>\n<p>Alles, rund um die Themen Ausbildung, Schulung, Beratung, Gefahrgutbeauftragter, ADR-Bescheinigung, ADR-Card finden Sie auf den Seiten der Schiffner Consult GbR unter<\/p>\n<p><a href=\"https:\/\/www.schiffner-gefahrgut.de\/\">www.schiffner-gefahrgut.de<\/a> <a href=\"https:\/\/www.schiffner-gefahrgut.de\/\"><img loading=\"lazy\" decoding=\"async\" class=\"alignnone wp-image-21190\" src=\"https:\/\/gefahrgutzubehoer.de\/wp-content\/uploads\/2024\/07\/SCHIFF_LOG_GG_4C-1-400x292.jpg\" alt=\"\" width=\"90\" height=\"66\" srcset=\"https:\/\/gefahrgutzubehoer.de\/wp-content\/uploads\/2024\/07\/SCHIFF_LOG_GG_4C-1-400x292.jpg 400w, https:\/\/gefahrgutzubehoer.de\/wp-content\/uploads\/2024\/07\/SCHIFF_LOG_GG_4C-1-768x560.jpg 768w, https:\/\/gefahrgutzubehoer.de\/wp-content\/uploads\/2024\/07\/SCHIFF_LOG_GG_4C-1-16x12.jpg 16w, https:\/\/gefahrgutzubehoer.de\/wp-content\/uploads\/2024\/07\/SCHIFF_LOG_GG_4C-1-430x314.jpg 430w, https:\/\/gefahrgutzubehoer.de\/wp-content\/uploads\/2024\/07\/SCHIFF_LOG_GG_4C-1-700x511.jpg 700w, https:\/\/gefahrgutzubehoer.de\/wp-content\/uploads\/2024\/07\/SCHIFF_LOG_GG_4C-1-150x109.jpg 150w, https:\/\/gefahrgutzubehoer.de\/wp-content\/uploads\/2024\/07\/SCHIFF_LOG_GG_4C-1.jpg 1017w\" sizes=\"auto, (max-width: 90px) 100vw, 90px\" \/><\/a><\/p>\n\t\t<\/div>\n\t\t\t\t<div id=\"wd-668fdea8eae3e\" class=\"wd-text-block wd-wpb reset-last-child wd-rs-668fdea8eae3e text-left wd-width-enabled wd-fontsize-s vc_custom_1720704698052\" style=\"--wd-max-width: 90%;\">\n\t\t\t<p><span style=\"color: #808080;\">Unser gemeinsames Ziel:<br \/>\nDie Vermeidung von Schaden an Mensch und Material<\/span><\/p>\n\t\t<\/div>\n\t\t<div class=\"vc_separator wpb_content_element vc_separator_align_center vc_sep_width_100 vc_sep_pos_align_center vc_separator_no_text vc_custom_1615616514122\" ><span class=\"vc_sep_holder vc_sep_holder_l\"><span style=\"border-color:rgb(10,10,10);border-color:rgba(10,10,10,0.12);\" class=\"vc_sep_line\"><\/span><\/span><span class=\"vc_sep_holder vc_sep_holder_r\"><span style=\"border-color:rgb(10,10,10);border-color:rgba(10,10,10,0.12);\" class=\"vc_sep_line\"><\/span><\/span>\n<\/div><div class=\"vc_row wpb_row vc_inner vc_row-fluid vc_row-o-content-middle vc_row-flex\"><div class=\"wpb_column vc_column_container vc_col-sm-6\"><div class=\"vc_column-inner vc_custom_1617632364304\"><div class=\"wpb_wrapper\">\t\t<div id=\"wd-660e47869ac5f\" class=\"wd-text-block wd-wpb reset-last-child wd-rs-660e47869ac5f text-left vc_custom_1712211882866\">\n\t\t\t<p><a href=\"https:\/\/gefahrgutzubehoer.de\/en\/\" target=\"_blank\" rel=\"noopener\">Schiffner Service GbR<\/a>\u00a0@ 2024<\/p>\n\t\t<\/div>\n\t\t<\/div><\/div><\/div><div class=\"wpb_column vc_column_container vc_col-sm-6 vc_hidden-sm vc_hidden-xs wd-rs-6125f438bf39a\"><div class=\"vc_column-inner vc_custom_1629877310132\"><div class=\"wpb_wrapper\">\t\t\t<div\n\t\t\t\t\t\tclass=\"wd-social-icons  wd-style-colored-alt wd-size-small social-share wd-shape-circle text-right\">\n\t\t\t\t\n\t\t\t\t\n\t\t\t\t\t\t\t\t\t<a rel=\"noopener noreferrer nofollow\" href=\"https:\/\/www.facebook.com\/sharer\/sharer.php?u=https:\/\/gefahrgutzubehoer.de\/en\/ueber-uns\/\" target=\"_blank\" class=\"wd-social-icon social-facebook\" aria-label=\"Facebook social link\">\n\t\t\t\t\t\t<span class=\"wd-icon\"><\/span>\n\t\t\t\t\t\t\t\t\t\t\t<\/a>\n\t\t\t\t\n\t\t\t\t\t\t\t\t\t<a rel=\"noopener noreferrer nofollow\" href=\"https:\/\/x.com\/share?url=https:\/\/gefahrgutzubehoer.de\/en\/ueber-uns\/\" target=\"_blank\" class=\"wd-social-icon social-twitter\" aria-label=\"X social link\">\n\t\t\t\t\t\t<span class=\"wd-icon\"><\/span>\n\t\t\t\t\t\t\t\t\t\t\t<\/a>\n\t\t\t\t\n\t\t\t\t\n\t\t\t\t\n\t\t\t\t\n\t\t\t\t\n\t\t\t\t\n\t\t\t\t\t\t\t\t\t<a rel=\"noopener noreferrer nofollow\" href=\"https:\/\/pinterest.com\/pin\/create\/button\/?url=https:\/\/gefahrgutzubehoer.de\/en\/ueber-uns\/&media=https:\/\/gefahrgutzubehoer.de\/wp-includes\/images\/media\/default.svg&description=%C3%9Cber+uns\" target=\"_blank\" class=\"wd-social-icon social-pinterest\" aria-label=\"Pinterest social link\">\n\t\t\t\t\t\t<span class=\"wd-icon\"><\/span>\n\t\t\t\t\t\t\t\t\t\t\t<\/a>\n\t\t\t\t\n\t\t\t\t\n\t\t\t\t\t\t\t\t\t<a rel=\"noopener noreferrer nofollow\" href=\"https:\/\/www.linkedin.com\/shareArticle?mini=true&url=https:\/\/gefahrgutzubehoer.de\/en\/ueber-uns\/\" target=\"_blank\" class=\"wd-social-icon social-linkedin\" aria-label=\"Linkedin social link\">\n\t\t\t\t\t\t<span class=\"wd-icon\"><\/span>\n\t\t\t\t\t\t\t\t\t\t\t<\/a>\n\t\t\t\t\n\t\t\t\t\n\t\t\t\t\n\t\t\t\t\n\t\t\t\t\n\t\t\t\t\n\t\t\t\t\n\t\t\t\t\n\t\t\t\t\n\t\t\t\t\t\t\t\t\t<a rel=\"noopener noreferrer nofollow\" href=\"https:\/\/api.whatsapp.com\/send?text=https%3A%2F%2Fgefahrgutzubehoer.de%2Fen%2Fueber-uns%2F\" target=\"_blank\" class=\"wd-hide-md  wd-social-icon social-whatsapp\" aria-label=\"WhatsApp social link\">\n\t\t\t\t\t\t<span class=\"wd-icon\"><\/span>\n\t\t\t\t\t\t\t\t\t\t\t<\/a>\n\n\t\t\t\t\t<a rel=\"noopener noreferrer nofollow\" href=\"whatsapp:\/\/send?text=https%3A%2F%2Fgefahrgutzubehoer.de%2Fen%2Fueber-uns%2F\" target=\"_blank\" class=\"wd-hide-lg  wd-social-icon social-whatsapp\" aria-label=\"WhatsApp social link\">\n\t\t\t\t\t\t<span class=\"wd-icon\"><\/span>\n\t\t\t\t\t\t\t\t\t\t\t<\/a>\n\t\t\t\t\n\t\t\t\t\n\t\t\t\t\n\t\t\t\t\n\t\t\t\t\n\t\t\t\t\n\t\t\t\t\n\t\t\t\t\n\t\t\t<\/div>\n\n\t\t<\/div><\/div><\/div><\/div><\/div><\/div><\/div><\/div>\n<\/div>","protected":false},"excerpt":{"rendered":"Schiffner Service GbR \u00dcBER UNS Die Schiffner Service GbR ...ist Fachlieferant f\u00fcr Fahrzeugausr\u00fcstung, Ladungssicherung- und Gefahrgutzubeh\u00f6r, sowie Fachliteratur und Software.","protected":false},"author":1,"featured_media":0,"parent":0,"menu_order":0,"comment_status":"closed","ping_status":"closed","template":"","meta":{"footnotes":""},"class_list":["post-5212","page","type-page","status-publish","hentry"],"_links":{"self":[{"href":"https:\/\/gefahrgutzubehoer.de\/en\/wp-json\/wp\/v2\/pages\/5212","targetHints":{"allow":["GET"]}}],"collection":[{"href":"https:\/\/gefahrgutzubehoer.de\/en\/wp-json\/wp\/v2\/pages"}],"about":[{"href":"https:\/\/gefahrgutzubehoer.de\/en\/wp-json\/wp\/v2\/types\/page"}],"author":[{"embeddable":true,"href":"https:\/\/gefahrgutzubehoer.de\/en\/wp-json\/wp\/v2\/users\/1"}],"replies":[{"embeddable":true,"href":"https:\/\/gefahrgutzubehoer.de\/en\/wp-json\/wp\/v2\/comments?post=5212"}],"version-history":[{"count":7,"href":"https:\/\/gefahrgutzubehoer.de\/en\/wp-json\/wp\/v2\/pages\/5212\/revisions"}],"predecessor-version":[{"id":26620,"href":"https:\/\/gefahrgutzubehoer.de\/en\/wp-json\/wp\/v2\/pages\/5212\/revisions\/26620"}],"wp:attachment":[{"href":"https:\/\/gefahrgutzubehoer.de\/en\/wp-json\/wp\/v2\/media?parent=5212"}],"curies":[{"name":"wp","href":"https:\/\/api.w.org\/{rel}","templated":true}]}}